{"id":21,"date":"2024-03-17T23:45:48","date_gmt":"2024-03-17T22:45:48","guid":{"rendered":"https:\/\/le-transporteur.fr\/index.php\/livrez-ou-vous-voulez-quand-vous-voulez-avec-le-transporteur-fr\/"},"modified":"2024-03-20T00:44:09","modified_gmt":"2024-03-19T23:44:09","slug":"le-transporteur-fr-livrez-ou-vous-voulez-quand-vous-voulez","status":"publish","type":"page","link":"https:\/\/le-transporteur.fr\/","title":{"rendered":"Le-transporteur.fr : Livrez o\u00f9 vous voulez, quand vous voulez!"},"content":{"rendered":"<h2>Livrez o\u00f9 vous voulez, quand vous voulez : le-transporteur.fr<\/h2>\n<p>Bienvenue sur le-transporteur.fr, o\u00f9 votre confort et vos besoins dictent le rythme de nos services. Nous comprenons que dans le tourbillon de la vie quotidienne, la flexibilit\u00e9 est non seulement un luxe, mais une n\u00e9cessit\u00e9. C&#8217;est pourquoi nous vous proposons une solution de livraison qui s&#8217;adapte \u00e0 votre emploi du temps, pas l&#8217;inverse.<\/p>\n<h2>Livrez o\u00f9 vous voulez, quand vous voulez<\/h2>\n<p>Que ce soit pour un colis urgent ou une livraison planifi\u00e9e \u00e0 l&#8217;avance, notre promesse reste la m\u00eame : une livraison fiable, s\u00e9curis\u00e9e et totalement adapt\u00e9e \u00e0 vos besoins. Notre plateforme intuitive vous permet de sp\u00e9cifier exactement o\u00f9 et quand vous souhaitez recevoir ou envoyer vos paquets, avec une transparence totale sur le processus.<\/p>\n<h2>Service personnalis\u00e9<\/h2>\n<p>Chez le-transporteur.fr, chaque livraison est trait\u00e9e avec le plus grand soin. Nous savons que derri\u00e8re chaque colis, il y a une personne, une histoire, une attente. C&#8217;est pourquoi nous offrons un service client r\u00e9actif et attentif, pr\u00eat \u00e0 r\u00e9pondre \u00e0 toutes vos demandes sp\u00e9cifiques. Notre \u00e9quipe est l\u00e0 pour vous accompagner tout au long du processus de livraison et s&#8217;assurer que vos besoins sont pleinement satisfaits.<\/p>\n<p>Livrez en toute confiance avec le-transporteur.fr, votre partenaire de confiance pour toutes vos livraisons.<\/p>\n<p>Merci de nous contacter au 09 52 39 05 06 ou sur contacts@2htransports.com.<\/p>\n","protected":false},"excerpt":{"rendered":"<p>Livrez o\u00f9 vous voulez, quand vous voulez : le-transporteur.fr Bienvenue sur le-transporteur.fr, o\u00f9 votre confort et vos besoins dictent le rythme de nos services. Nous comprenons que dans le tourbillon de la vie quotidienne, la flexibilit\u00e9 est non seulement un luxe, mais une n\u00e9cessit\u00e9. C&#8217;est pourquoi nous vous proposons une solution de livraison qui s&#8217;adapte [&hellip;]<\/p>\n","protected":false},"author":1,"featured_media":20,"parent":0,"menu_order":0,"comment_status":"closed","ping_status":"closed","template":"templates\/template-homepage.php","meta":{"_monsterinsights_skip_tracking":false,"_monsterinsights_sitenote_active":false,"_monsterinsights_sitenote_note":"","_monsterinsights_sitenote_category":0,"footnotes":""},"aioseo_notices":[],"_links":{"self":[{"href":"https:\/\/le-transporteur.fr\/index.php\/wp-json\/wp\/v2\/pages\/21"}],"collection":[{"href":"https:\/\/le-transporteur.fr\/index.php\/wp-json\/wp\/v2\/pages"}],"about":[{"href":"https:\/\/le-transporteur.fr\/index.php\/wp-json\/wp\/v2\/types\/page"}],"author":[{"embeddable":true,"href":"https:\/\/le-transporteur.fr\/index.php\/wp-json\/wp\/v2\/users\/1"}],"replies":[{"embeddable":true,"href":"https:\/\/le-transporteur.fr\/index.php\/wp-json\/wp\/v2\/comments?post=21"}],"version-history":[{"count":3,"href":"https:\/\/le-transporteur.fr\/index.php\/wp-json\/wp\/v2\/pages\/21\/revisions"}],"predecessor-version":[{"id":57,"href":"https:\/\/le-transporteur.fr\/index.php\/wp-json\/wp\/v2\/pages\/21\/revisions\/57"}],"wp:featuredmedia":[{"embeddable":true,"href":"https:\/\/le-transporteur.fr\/index.php\/wp-json\/wp\/v2\/media\/20"}],"wp:attachment":[{"href":"https:\/\/le-transporteur.fr\/index.php\/wp-json\/wp\/v2\/media?parent=21"}],"curies":[{"name":"wp","href":"https:\/\/api.w.org\/{rel}","templated":true}]}}